{"id":769,"date":"2021-10-25T13:53:15","date_gmt":"2021-10-25T13:53:15","guid":{"rendered":"http:\/\/nims.bootests.com\/blog\/"},"modified":"2021-11-18T11:42:46","modified_gmt":"2021-11-18T11:42:46","slug":"blog","status":"publish","type":"page","link":"https:\/\/nims.com.tr\/en\/blog\/","title":{"rendered":"Blog"},"content":{"rendered":"<p>[vc_row full_width=&#8221;stretch_row&#8221; el_class=&#8221;blog-section-1&#8243;][vc_column][vc_column_text]\n            <div class=\"container\">\n                <div class=\"row medye-item\">\n                    <div class=\"col-12 col-md-4\">\n                        <div class=\"medye-img\">\n                            <img decoding=\"async\" src=\"https:\/\/nims.com.tr\/wp-content\/uploads\/2-haberler-img.png\" alt=\"\">\n                        <\/div>\n                    <\/div>\n                    <div class=\"col-12 col-md-8\">\n                        <div class=\"medye-content\">\n                            <div class=\"medye-date\">\n                            19.10.2021\n                            <\/div>\n                            <div class=\"medye-text\">\n                                <p class=\"medye-title\">\n                                3 Amazing Benefits of Freeze Dried Fruits\n                                <\/p>\n                                <span class=\"medye-subtitle\">\n                 Kolayca haz\u0131rlanacak ve yan\u0131n\u0131zda ta\u015f\u0131yaca\u011f\u0131n\u0131z besleyici at\u0131\u015ft\u0131rmal\u0131klar haz\u0131rlamak i\u00e7in Freeze-Dried meyveler bi\u00e7ilmi\u015f kaftan. \u0130\u015fte bu pratik, besleyici ve lezzetli at\u0131\u015ft\u0131rmal\u0131klar\u0131 se\u00e7meniz i\u00e7in 3 sebep.\n                <\/span>\n                            <\/div>\n                            <a href=\"https:\/\/nims.com.tr\/en\/freeze-dried-meyvelerin-3-muhtesem-faydasi\/\" class=\"medye-button\">\n                                Devam\u0131n\u0131 Oku\n                            <\/a>\n                        <\/div>\n                    <\/div>\n                <\/div>\n\n            <\/div>\n            \n            <div class=\"container\">\n                <div class=\"row medye-item\">\n                    <div class=\"col-12 col-md-4\">\n                        <div class=\"medye-img\">\n                            <img decoding=\"async\" src=\"https:\/\/nims.com.tr\/wp-content\/uploads\/2-haberler-img2.png\" alt=\"\">\n                        <\/div>\n                    <\/div>\n                    <div class=\"col-12 col-md-8\">\n                        <div class=\"medye-content\">\n                            <div class=\"medye-date\">\n                            19.10.2021\n                            <\/div>\n                            <div class=\"medye-text\">\n                                <p class=\"medye-title\">\n                                Nims Will Export 98% Of The Fruits It Freezes.\n                                <\/p>\n                                <span class=\"medye-subtitle\">\n                 T\u00fcrkiye\u2019nin \u00f6nemli sanayi ve teknoloji \u015firketlerinden \u0130skefe Holding\u2019in b\u00fcnyesinde faaliyete ba\u015flayan Nims G\u0131da, Freeze Dry teknolojisi kullanarak dondurdu\u011fu...\n                <\/span>\n                            <\/div>\n                            <a href=\"https:\/\/nims.com.tr\/en\/nims-will-export-98-of-the-fruits-it-freezes\/\" class=\"medye-button\">\n                                Devam\u0131n\u0131 Oku\n                            <\/a>\n                        <\/div>\n                    <\/div>\n                <\/div>\n\n            <\/div>\n            \n            <div class=\"container\">\n                <div class=\"row medye-item\">\n                    <div class=\"col-12 col-md-4\">\n                        <div class=\"medye-img\">\n                            <img decoding=\"async\" src=\"https:\/\/nims.com.tr\/wp-content\/uploads\/2-haberler-img3.png\" alt=\"\">\n                        <\/div>\n                    <\/div>\n                    <div class=\"col-12 col-md-8\">\n                        <div class=\"medye-content\">\n                            <div class=\"medye-date\">\n                            19.10.2021\n                            <\/div>\n                            <div class=\"medye-text\">\n                                <p class=\"medye-title\">\n                                Economist &#8211; SME Enterprise\n                                <\/p>\n                                <span class=\"medye-subtitle\">\n                 Nims G\u0131da 2020\u2019de organik tar\u0131m ve s\u00fcrd\u00fcr\u00fclebilirlik prensipleriyle katma de\u011ferli tar\u0131m \u00fcr\u00fcnleri \u00fcretmek amac\u0131yla kuruldu. Nims G\u0131da...\n                <\/span>\n                            <\/div>\n                            <a href=\"https:\/\/nims.com.tr\/en\/economist-sme-enterprise\/\" class=\"medye-button\">\n                                Devam\u0131n\u0131 Oku\n                            <\/a>\n                        <\/div>\n                    <\/div>\n                <\/div>\n\n            <\/div>\n            [\/vc_column_text][\/vc_column][\/vc_row]<\/p>\n","protected":false},"excerpt":{"rendered":"<p>[vc_row full_width=&#8221;stretch_row&#8221; el_class=&#8221;blog-section-1&#8243;][vc_column][vc_column_text][\/vc_column_text][\/vc_column][\/vc_row]<\/p>\n","protected":false},"author":1,"featured_media":421,"parent":0,"menu_order":0,"comment_status":"closed","ping_status":"closed","template":"page-kurumsal.php","meta":{"footnotes":""},"class_list":["post-769","page","type-page","status-publish","has-post-thumbnail","hentry"],"yoast_head":"<!-- This site is optimized with the Yoast SEO plugin v20.8 - https:\/\/yoast.com\/wordpress\/plugins\/seo\/ -->\n<title>Nims Food - Blog<\/title>\n<meta name=\"description\" content=\"You can access all up-to-date information and announcements about Nims on our blog page, and you can have more detailed information about us.\" \/>\n<meta name=\"robots\" content=\"index, follow, max-snippet:-1, max-image-preview:large, max-video-preview:-1\" \/>\n<link rel=\"canonical\" href=\"https:\/\/nims.com.tr\/en\/blog\/\" \/>\n<meta property=\"og:locale\" content=\"en_US\" \/>\n<meta property=\"og:type\" content=\"article\" \/>\n<meta property=\"og:title\" content=\"Nims Food - Blog\" \/>\n<meta property=\"og:description\" content=\"You can access all up-to-date information and announcements about Nims on our blog page, and you can have more detailed information about us.\" \/>\n<meta property=\"og:url\" content=\"https:\/\/nims.com.tr\/en\/blog\/\" \/>\n<meta property=\"og:site_name\" content=\"Nims Food\" \/>\n<meta property=\"article:modified_time\" content=\"2021-11-18T11:42:46+00:00\" \/>\n<meta property=\"og:image\" content=\"https:\/\/nims.com.tr\/wp-content\/uploads\/blog-kapak-image-1.jpg\" \/>\n\t<meta property=\"og:image:width\" content=\"1920\" \/>\n\t<meta property=\"og:image:height\" content=\"464\" \/>\n\t<meta property=\"og:image:type\" content=\"image\/jpeg\" \/>\n<meta name=\"twitter:card\" content=\"summary_large_image\" \/>\n<script type=\"application\/ld+json\" class=\"yoast-schema-graph\">{\"@context\":\"https:\/\/schema.org\",\"@graph\":[{\"@type\":\"WebPage\",\"@id\":\"https:\/\/nims.com.tr\/en\/blog\/\",\"url\":\"https:\/\/nims.com.tr\/en\/blog\/\",\"name\":\"Nims Food - Blog\",\"isPartOf\":{\"@id\":\"https:\/\/nims.com.tr\/#website\"},\"datePublished\":\"2021-10-25T13:53:15+00:00\",\"dateModified\":\"2021-11-18T11:42:46+00:00\",\"description\":\"You can access all up-to-date information and announcements about Nims on our blog page, and you can have more detailed information about us.\",\"breadcrumb\":{\"@id\":\"https:\/\/nims.com.tr\/en\/blog\/#breadcrumb\"},\"inLanguage\":\"en-US\",\"potentialAction\":[{\"@type\":\"ReadAction\",\"target\":[\"https:\/\/nims.com.tr\/en\/blog\/\"]}]},{\"@type\":\"BreadcrumbList\",\"@id\":\"https:\/\/nims.com.tr\/en\/blog\/#breadcrumb\",\"itemListElement\":[{\"@type\":\"ListItem\",\"position\":1,\"name\":\"Anasayfa\",\"item\":\"https:\/\/nims.com.tr\/en\/\"},{\"@type\":\"ListItem\",\"position\":2,\"name\":\"Blog\"}]},{\"@type\":\"WebSite\",\"@id\":\"https:\/\/nims.com.tr\/#website\",\"url\":\"https:\/\/nims.com.tr\/\",\"name\":\"Nims Food\",\"description\":\"\",\"publisher\":{\"@id\":\"https:\/\/nims.com.tr\/#organization\"},\"potentialAction\":[{\"@type\":\"SearchAction\",\"target\":{\"@type\":\"EntryPoint\",\"urlTemplate\":\"https:\/\/nims.com.tr\/?s={search_term_string}\"},\"query-input\":\"required name=search_term_string\"}],\"inLanguage\":\"en-US\"},{\"@type\":\"Organization\",\"@id\":\"https:\/\/nims.com.tr\/#organization\",\"name\":\"Nims Food\",\"url\":\"https:\/\/nims.com.tr\/\",\"logo\":{\"@type\":\"ImageObject\",\"inLanguage\":\"en-US\",\"@id\":\"https:\/\/nims.com.tr\/#\/schema\/logo\/image\/\",\"url\":\"https:\/\/nims.com.tr\/wp-content\/uploads\/3-logo.svg\",\"contentUrl\":\"https:\/\/nims.com.tr\/wp-content\/uploads\/3-logo.svg\",\"width\":1,\"height\":1,\"caption\":\"Nims Food\"},\"image\":{\"@id\":\"https:\/\/nims.com.tr\/#\/schema\/logo\/image\/\"}}]}<\/script>\n<!-- \/ Yoast SEO plugin. -->","yoast_head_json":{"title":"Nims Food - Blog","description":"You can access all up-to-date information and announcements about Nims on our blog page, and you can have more detailed information about us.","robots":{"index":"index","follow":"follow","max-snippet":"max-snippet:-1","max-image-preview":"max-image-preview:large","max-video-preview":"max-video-preview:-1"},"canonical":"https:\/\/nims.com.tr\/en\/blog\/","og_locale":"en_US","og_type":"article","og_title":"Nims Food - Blog","og_description":"You can access all up-to-date information and announcements about Nims on our blog page, and you can have more detailed information about us.","og_url":"https:\/\/nims.com.tr\/en\/blog\/","og_site_name":"Nims Food","article_modified_time":"2021-11-18T11:42:46+00:00","og_image":[{"width":1920,"height":464,"url":"https:\/\/nims.com.tr\/wp-content\/uploads\/blog-kapak-image-1.jpg","type":"image\/jpeg"}],"twitter_card":"summary_large_image","schema":{"@context":"https:\/\/schema.org","@graph":[{"@type":"WebPage","@id":"https:\/\/nims.com.tr\/en\/blog\/","url":"https:\/\/nims.com.tr\/en\/blog\/","name":"Nims Food - Blog","isPartOf":{"@id":"https:\/\/nims.com.tr\/#website"},"datePublished":"2021-10-25T13:53:15+00:00","dateModified":"2021-11-18T11:42:46+00:00","description":"You can access all up-to-date information and announcements about Nims on our blog page, and you can have more detailed information about us.","breadcrumb":{"@id":"https:\/\/nims.com.tr\/en\/blog\/#breadcrumb"},"inLanguage":"en-US","potentialAction":[{"@type":"ReadAction","target":["https:\/\/nims.com.tr\/en\/blog\/"]}]},{"@type":"BreadcrumbList","@id":"https:\/\/nims.com.tr\/en\/blog\/#breadcrumb","itemListElement":[{"@type":"ListItem","position":1,"name":"Anasayfa","item":"https:\/\/nims.com.tr\/en\/"},{"@type":"ListItem","position":2,"name":"Blog"}]},{"@type":"WebSite","@id":"https:\/\/nims.com.tr\/#website","url":"https:\/\/nims.com.tr\/","name":"Nims Food","description":"","publisher":{"@id":"https:\/\/nims.com.tr\/#organization"},"potentialAction":[{"@type":"SearchAction","target":{"@type":"EntryPoint","urlTemplate":"https:\/\/nims.com.tr\/?s={search_term_string}"},"query-input":"required name=search_term_string"}],"inLanguage":"en-US"},{"@type":"Organization","@id":"https:\/\/nims.com.tr\/#organization","name":"Nims Food","url":"https:\/\/nims.com.tr\/","logo":{"@type":"ImageObject","inLanguage":"en-US","@id":"https:\/\/nims.com.tr\/#\/schema\/logo\/image\/","url":"https:\/\/nims.com.tr\/wp-content\/uploads\/3-logo.svg","contentUrl":"https:\/\/nims.com.tr\/wp-content\/uploads\/3-logo.svg","width":1,"height":1,"caption":"Nims Food"},"image":{"@id":"https:\/\/nims.com.tr\/#\/schema\/logo\/image\/"}}]}},"_links":{"self":[{"href":"https:\/\/nims.com.tr\/en\/wp-json\/wp\/v2\/pages\/769","targetHints":{"allow":["GET"]}}],"collection":[{"href":"https:\/\/nims.com.tr\/en\/wp-json\/wp\/v2\/pages"}],"about":[{"href":"https:\/\/nims.com.tr\/en\/wp-json\/wp\/v2\/types\/page"}],"author":[{"embeddable":true,"href":"https:\/\/nims.com.tr\/en\/wp-json\/wp\/v2\/users\/1"}],"replies":[{"embeddable":true,"href":"https:\/\/nims.com.tr\/en\/wp-json\/wp\/v2\/comments?post=769"}],"version-history":[{"count":3,"href":"https:\/\/nims.com.tr\/en\/wp-json\/wp\/v2\/pages\/769\/revisions"}],"predecessor-version":[{"id":1065,"href":"https:\/\/nims.com.tr\/en\/wp-json\/wp\/v2\/pages\/769\/revisions\/1065"}],"wp:featuredmedia":[{"embeddable":true,"href":"https:\/\/nims.com.tr\/en\/wp-json\/wp\/v2\/media\/421"}],"wp:attachment":[{"href":"https:\/\/nims.com.tr\/en\/wp-json\/wp\/v2\/media?parent=769"}],"curies":[{"name":"wp","href":"https:\/\/api.w.org\/{rel}","templated":true}]}}