{"id":772,"date":"2021-10-25T13:53:34","date_gmt":"2021-10-25T13:53:34","guid":{"rendered":"http:\/\/nims.bootests.com\/iletisim\/"},"modified":"2022-04-15T07:17:45","modified_gmt":"2022-04-15T07:17:45","slug":"contact","status":"publish","type":"page","link":"https:\/\/nims.com.tr\/en\/contact\/","title":{"rendered":"Contact"},"content":{"rendered":"<p>[vc_row full_width=&#8221;stretch_row&#8221; el_class=&#8221;iletisim-section-1&#8243; css=&#8221;.vc_custom_1635861903153{background-color: #ffffff !important;}&#8221;][vc_column css_animation=&#8221;fadeInUp&#8221;]\n\t\t\t<div class=\"container\">\n\t\t\t<div class=\"contact-subtitle\">\n\t\t\t<span>\n\t\t\t  CONTACT INFORMATION\n\t\t\t<\/span>\n\t\t\t<\/div>\n\t\t\t<div class=\"contact-title\">\n\t\t\t<span>\n\t\t\tNims Headquarters\n\t\t\t<\/span>\n\t\t\t<\/div>\n\n\n\t\t<\/div>\n            [\/vc_column][\/vc_row][vc_row full_width=&#8221;stretch_row&#8221; el_class=&#8221;iletisim-section-2&#8243; css=&#8221;.vc_custom_1635861956523{background-color: #ffffff !important;}&#8221;][vc_column css_animation=&#8221;fadeInLeft&#8221; width=&#8221;1\/3&#8243;]\n            \t<div class=\"contact-item\">\n                    <div class=\"contact-icon\">\n                        <img decoding=\"async\" src=\"https:\/\/nims.com.tr\/wp-content\/uploads\/phone.svg\" alt=\"\">\n                    <\/div>\n                    <div class=\"contact-text\">\n                        <div class=\"contact-text__title mb-2\">\n                            <b><span>Telephone<\/span><\/b>\n                        <\/div>\n                        <div class=\"contact-text__subtitle\">\n                            <span>+90 266 502 00 91-92<\/span>\n                        <\/div>\n                    <\/div>\n                <\/div>\n            [\/vc_column][vc_column css_animation=&#8221;fadeInUp&#8221; width=&#8221;1\/3&#8243;]\n            \t<div class=\"contact-item\">\n                    <div class=\"contact-icon\">\n                        <img decoding=\"async\" src=\"https:\/\/nims.com.tr\/wp-content\/uploads\/location.svg\" alt=\"\">\n                    <\/div>\n                    <div class=\"contact-text\">\n                        <div class=\"contact-text__title mb-2\">\n                            <b><span>Address<\/span><\/b>\n                        <\/div>\n                        <div class=\"contact-text__subtitle\">\n                            <span>Bal\u0131kesir OSB - Gaziosmanpa\u015fa Mah. Sava\u015ftepe Yolu 7.km Alt\u0131eyl\u00fcl\/Bal\u0131kesir 10100, T\u00fcrkiye<\/span>\n                        <\/div>\n                    <\/div>\n                <\/div>\n            [\/vc_column][vc_column css_animation=&#8221;fadeInRight&#8221; width=&#8221;1\/3&#8243;]\n            \t<div class=\"contact-item\">\n                    <div class=\"contact-icon\">\n                        <img decoding=\"async\" src=\"https:\/\/nims.com.tr\/wp-content\/uploads\/mail.svg\" alt=\"\">\n                    <\/div>\n                    <div class=\"contact-text\">\n                        <div class=\"contact-text__title mb-2\">\n                            <b><span>E-mail<\/span><\/b>\n                        <\/div>\n                        <div class=\"contact-text__subtitle\">\n                            <span>info@nims.com.tr<br \/>\nsales@nims.com.tr<\/span>\n                        <\/div>\n                    <\/div>\n                <\/div>\n            [\/vc_column][\/vc_row][vc_row full_width=&#8221;stretch_row&#8221; el_class=&#8221;iletisim-section-3&#8243; css=&#8221;.vc_custom_1635861941287{background-color: #ffffff !important;}&#8221;][vc_column css_animation=&#8221;fadeInUp&#8221; width=&#8221;1\/2&#8243;][vc_custom_heading text=&#8221;For Your Questions, Wishes and Complaints&#8221; use_theme_fonts=&#8221;yes&#8221;]\n<div class=\"wpcf7 no-js\" id=\"wpcf7-f1056-o1\" lang=\"tr-TR\" dir=\"ltr\">\n<div class=\"screen-reader-response\"><p role=\"status\" aria-live=\"polite\" aria-atomic=\"true\"><\/p> <ul><\/ul><\/div>\n<form action=\"\/en\/wp-json\/wp\/v2\/pages\/772#wpcf7-f1056-o1\" method=\"post\" class=\"wpcf7-form init\" aria-label=\"Contact form\" novalidate=\"novalidate\" data-status=\"init\">\n<div style=\"display: none;\">\n<input type=\"hidden\" name=\"_wpcf7\" value=\"1056\" \/>\n<input type=\"hidden\" name=\"_wpcf7_version\" value=\"5.7.6\" \/>\n<input type=\"hidden\" name=\"_wpcf7_locale\" value=\"tr_TR\" \/>\n<input type=\"hidden\" name=\"_wpcf7_unit_tag\" value=\"wpcf7-f1056-o1\" \/>\n<input type=\"hidden\" name=\"_wpcf7_container_post\" value=\"0\" \/>\n<input type=\"hidden\" name=\"_wpcf7_posted_data_hash\" value=\"\" \/>\n<\/div>\n<div class=\"row contact-form-nimbs\">\n\t<div class=\"col-6 pr-1\">\n\t\t<div class=\"form-group\">\n\t\t\t<p><span class=\"wpcf7-form-control-wrap\" data-name=\"text\"><input size=\"40\" class=\"wpcf7-form-control wpcf7-text form-control\" aria-invalid=\"false\" placeholder=\"Name\" value=\"\" type=\"text\" name=\"text\" \/><\/span>\n\t\t\t<\/p>\n\t\t<\/div>\n\t<\/div>\n\t<div class=\"col-6 pl-1\">\n\t\t<div class=\"form-group\">\n\t\t\t<p><span class=\"wpcf7-form-control-wrap\" data-name=\"soyad\"><input size=\"40\" class=\"wpcf7-form-control wpcf7-text form-control\" aria-invalid=\"false\" placeholder=\"Surname\" value=\"\" type=\"text\" name=\"soyad\" \/><\/span>\n\t\t\t<\/p>\n\t\t<\/div>\n\t<\/div>\n\t<div class=\"col-6 pr-1\">\n\t\t<div class=\"form-group\">\n\t\t\t<p><span class=\"wpcf7-form-control-wrap\" data-name=\"tel\"><input size=\"40\" class=\"wpcf7-form-control wpcf7-text wpcf7-tel wpcf7-validates-as-tel form-control\" aria-invalid=\"false\" placeholder=\"Phone\" value=\"\" type=\"tel\" name=\"tel\" \/><\/span>\n\t\t\t<\/p>\n\t\t<\/div>\n\t<\/div>\n\t<div class=\"col-6 pl-1\">\n\t\t<div class=\"form-group\">\n\t\t\t<p><span class=\"wpcf7-form-control-wrap\" data-name=\"email\"><input size=\"40\" class=\"wpcf7-form-control wpcf7-text wpcf7-email wpcf7-validates-as-email form-control\" aria-invalid=\"false\" placeholder=\"E-mail\" value=\"\" type=\"email\" name=\"email\" \/><\/span>\n\t\t\t<\/p>\n\t\t<\/div>\n\t<\/div>\n\t<div class=\"col-12\">\n\t\t<div class=\"form-group\">\n\t\t\t<p><span class=\"wpcf7-form-control-wrap\" data-name=\"konu\"><input size=\"40\" class=\"wpcf7-form-control wpcf7-text form-control\" aria-invalid=\"false\" placeholder=\"Subject\" value=\"\" type=\"text\" name=\"konu\" \/><\/span>\n\t\t\t<\/p>\n\t\t<\/div>\n\t<\/div>\n\t<div class=\"col-12\">\n\t\t<div class=\"form-group\">\n\t\t\t<p><span class=\"wpcf7-form-control-wrap\" data-name=\"textarea-741\"><textarea cols=\"40\" rows=\"10\" class=\"wpcf7-form-control wpcf7-textarea form-control\" aria-invalid=\"false\" placeholder=\"Messagge\" name=\"textarea-741\"><\/textarea><\/span>\n\t\t\t<\/p>\n\t\t<\/div>\n\t<\/div>\n\t<div class=\"footer-radio\">\n\t\t<p><span class=\"wpcf7-form-control-wrap\" data-name=\"veri-onay\"><span class=\"wpcf7-form-control wpcf7-acceptance\"><span class=\"wpcf7-list-item\"><label><input type=\"checkbox\" name=\"veri-onay\" value=\"1\" aria-invalid=\"false\" \/><span class=\"wpcf7-list-item-label\">I have read and accept the<a href=\"\/gizliklik-politikasi\/\" target=\"_blank\">GDPR.<\/a><\/span><\/label><\/span><\/span><\/span>\n\t\t<\/p>\n\t<\/div>\n<\/div>\n<div class=\"iletisim-send\">\n\t<p><input class=\"wpcf7-form-control has-spinner wpcf7-submit\" type=\"submit\" value=\"Send\" \/>\n\t<\/p>\n<\/div><div class=\"wpcf7-response-output\" aria-hidden=\"true\"><\/div>\n<\/form>\n<\/div>\n[\/vc_column][vc_column css_animation=&#8221;fadeIn&#8221; width=&#8221;1\/2&#8243;][vc_column_text]<iframe loading=\"lazy\" style=\"border: 0; border-radius: 10px;\" src=\"https:\/\/www.google.com\/maps\/embed?pb=!1m18!1m12!1m3!1d14625.697882993647!2d27.836179826154112!3d39.58949182459926!2m3!1f0!2f0!3f0!3m2!1i1024!2i768!4f13.1!3m3!1m2!1s0x14b707ec4dd211cf%3A0x8db82c13623f1a81!2zTsSwTVMgR0lEQSBTQU4uIFTEsEMuIEEuxZ4u!5e0!3m2!1str!2str!4v1629966941843!5m2!1str!2str\" width=\"100%\" height=\"550\" allowfullscreen=\"allowfullscreen\"><\/iframe>[\/vc_column_text][\/vc_column][\/vc_row]<\/p>\n","protected":false},"excerpt":{"rendered":"<p>[vc_row full_width=&#8221;stretch_row&#8221; el_class=&#8221;iletisim-section-1&#8243; css=&#8221;.vc_custom_1635861903153{background-color: #ffffff !important;}&#8221;][vc_column css_animation=&#8221;fadeInUp&#8221;][\/vc_column][\/vc_row][vc_row full_width=&#8221;stretch_row&#8221; el_class=&#8221;iletisim-section-2&#8243; css=&#8221;.vc_custom_1635861956523{background-color: #ffffff !important;}&#8221;][vc_column css_animation=&#8221;fadeInLeft&#8221; width=&#8221;1\/3&#8243;][\/vc_column][vc_column css_animation=&#8221;fadeInUp&#8221; width=&#8221;1\/3&#8243;][\/vc_column][vc_column css_animation=&#8221;fadeInRight&#8221; width=&#8221;1\/3&#8243;][\/vc_column][\/vc_row][vc_row full_width=&#8221;stretch_row&#8221; el_class=&#8221;iletisim-section-3&#8243; css=&#8221;.vc_custom_1635861941287{background-color: #ffffff !important;}&#8221;][vc_column css_animation=&#8221;fadeInUp&#8221; width=&#8221;1\/2&#8243;][vc_custom_heading text=&#8221;For Your Questions, Wishes and Complaints&#8221; use_theme_fonts=&#8221;yes&#8221;][\/vc_column][vc_column css_animation=&#8221;fadeIn&#8221; width=&#8221;1\/2&#8243;][vc_column_text][\/vc_column_text][\/vc_column][\/vc_row]<\/p>\n","protected":false},"author":1,"featured_media":428,"parent":0,"menu_order":0,"comment_status":"closed","ping_status":"closed","template":"page-kurumsal.php","meta":{"footnotes":""},"class_list":["post-772","page","type-page","status-publish","has-post-thumbnail","hentry"],"yoast_head":"<!-- This site is optimized with the Yoast SEO plugin v20.8 - https:\/\/yoast.com\/wordpress\/plugins\/seo\/ -->\n<title>Nims Food - Contact<\/title>\n<meta name=\"description\" content=\"You can contact us as Nims Food for your questions, wishes and complaints. Click to fill out our contact form.\" \/>\n<meta name=\"robots\" content=\"index, follow, max-snippet:-1, max-image-preview:large, max-video-preview:-1\" \/>\n<link rel=\"canonical\" href=\"https:\/\/nims.com.tr\/en\/contact\/\" \/>\n<meta property=\"og:locale\" content=\"en_US\" \/>\n<meta property=\"og:type\" content=\"article\" \/>\n<meta property=\"og:title\" content=\"Nims Food - Contact\" \/>\n<meta property=\"og:description\" content=\"You can contact us as Nims Food for your questions, wishes and complaints. Click to fill out our contact form.\" \/>\n<meta property=\"og:url\" content=\"https:\/\/nims.com.tr\/en\/contact\/\" \/>\n<meta property=\"og:site_name\" content=\"Nims Food\" \/>\n<meta property=\"article:modified_time\" content=\"2022-04-15T07:17:45+00:00\" \/>\n<meta property=\"og:image\" content=\"https:\/\/nims.com.tr\/wp-content\/uploads\/iletisim-kapak-image.jpg\" \/>\n\t<meta property=\"og:image:width\" content=\"1920\" \/>\n\t<meta property=\"og:image:height\" content=\"464\" \/>\n\t<meta property=\"og:image:type\" content=\"image\/jpeg\" \/>\n<meta name=\"twitter:card\" content=\"summary_large_image\" \/>\n<meta name=\"twitter:label1\" content=\"Est. reading time\" \/>\n\t<meta name=\"twitter:data1\" content=\"1 minute\" \/>\n<script type=\"application\/ld+json\" class=\"yoast-schema-graph\">{\"@context\":\"https:\/\/schema.org\",\"@graph\":[{\"@type\":\"WebPage\",\"@id\":\"https:\/\/nims.com.tr\/en\/contact\/\",\"url\":\"https:\/\/nims.com.tr\/en\/contact\/\",\"name\":\"Nims Food - Contact\",\"isPartOf\":{\"@id\":\"https:\/\/nims.com.tr\/#website\"},\"datePublished\":\"2021-10-25T13:53:34+00:00\",\"dateModified\":\"2022-04-15T07:17:45+00:00\",\"description\":\"You can contact us as Nims Food for your questions, wishes and complaints. Click to fill out our contact form.\",\"breadcrumb\":{\"@id\":\"https:\/\/nims.com.tr\/en\/contact\/#breadcrumb\"},\"inLanguage\":\"en-US\",\"potentialAction\":[{\"@type\":\"ReadAction\",\"target\":[\"https:\/\/nims.com.tr\/en\/contact\/\"]}]},{\"@type\":\"BreadcrumbList\",\"@id\":\"https:\/\/nims.com.tr\/en\/contact\/#breadcrumb\",\"itemListElement\":[{\"@type\":\"ListItem\",\"position\":1,\"name\":\"Anasayfa\",\"item\":\"https:\/\/nims.com.tr\/en\/\"},{\"@type\":\"ListItem\",\"position\":2,\"name\":\"Contact\"}]},{\"@type\":\"WebSite\",\"@id\":\"https:\/\/nims.com.tr\/#website\",\"url\":\"https:\/\/nims.com.tr\/\",\"name\":\"Nims Food\",\"description\":\"\",\"publisher\":{\"@id\":\"https:\/\/nims.com.tr\/#organization\"},\"potentialAction\":[{\"@type\":\"SearchAction\",\"target\":{\"@type\":\"EntryPoint\",\"urlTemplate\":\"https:\/\/nims.com.tr\/?s={search_term_string}\"},\"query-input\":\"required name=search_term_string\"}],\"inLanguage\":\"en-US\"},{\"@type\":\"Organization\",\"@id\":\"https:\/\/nims.com.tr\/#organization\",\"name\":\"Nims Food\",\"url\":\"https:\/\/nims.com.tr\/\",\"logo\":{\"@type\":\"ImageObject\",\"inLanguage\":\"en-US\",\"@id\":\"https:\/\/nims.com.tr\/#\/schema\/logo\/image\/\",\"url\":\"https:\/\/nims.com.tr\/wp-content\/uploads\/3-logo.svg\",\"contentUrl\":\"https:\/\/nims.com.tr\/wp-content\/uploads\/3-logo.svg\",\"width\":1,\"height\":1,\"caption\":\"Nims Food\"},\"image\":{\"@id\":\"https:\/\/nims.com.tr\/#\/schema\/logo\/image\/\"}}]}<\/script>\n<!-- \/ Yoast SEO plugin. -->","yoast_head_json":{"title":"Nims Food - Contact","description":"You can contact us as Nims Food for your questions, wishes and complaints. Click to fill out our contact form.","robots":{"index":"index","follow":"follow","max-snippet":"max-snippet:-1","max-image-preview":"max-image-preview:large","max-video-preview":"max-video-preview:-1"},"canonical":"https:\/\/nims.com.tr\/en\/contact\/","og_locale":"en_US","og_type":"article","og_title":"Nims Food - Contact","og_description":"You can contact us as Nims Food for your questions, wishes and complaints. Click to fill out our contact form.","og_url":"https:\/\/nims.com.tr\/en\/contact\/","og_site_name":"Nims Food","article_modified_time":"2022-04-15T07:17:45+00:00","og_image":[{"width":1920,"height":464,"url":"https:\/\/nims.com.tr\/wp-content\/uploads\/iletisim-kapak-image.jpg","type":"image\/jpeg"}],"twitter_card":"summary_large_image","twitter_misc":{"Est. reading time":"1 minute"},"schema":{"@context":"https:\/\/schema.org","@graph":[{"@type":"WebPage","@id":"https:\/\/nims.com.tr\/en\/contact\/","url":"https:\/\/nims.com.tr\/en\/contact\/","name":"Nims Food - Contact","isPartOf":{"@id":"https:\/\/nims.com.tr\/#website"},"datePublished":"2021-10-25T13:53:34+00:00","dateModified":"2022-04-15T07:17:45+00:00","description":"You can contact us as Nims Food for your questions, wishes and complaints. Click to fill out our contact form.","breadcrumb":{"@id":"https:\/\/nims.com.tr\/en\/contact\/#breadcrumb"},"inLanguage":"en-US","potentialAction":[{"@type":"ReadAction","target":["https:\/\/nims.com.tr\/en\/contact\/"]}]},{"@type":"BreadcrumbList","@id":"https:\/\/nims.com.tr\/en\/contact\/#breadcrumb","itemListElement":[{"@type":"ListItem","position":1,"name":"Anasayfa","item":"https:\/\/nims.com.tr\/en\/"},{"@type":"ListItem","position":2,"name":"Contact"}]},{"@type":"WebSite","@id":"https:\/\/nims.com.tr\/#website","url":"https:\/\/nims.com.tr\/","name":"Nims Food","description":"","publisher":{"@id":"https:\/\/nims.com.tr\/#organization"},"potentialAction":[{"@type":"SearchAction","target":{"@type":"EntryPoint","urlTemplate":"https:\/\/nims.com.tr\/?s={search_term_string}"},"query-input":"required name=search_term_string"}],"inLanguage":"en-US"},{"@type":"Organization","@id":"https:\/\/nims.com.tr\/#organization","name":"Nims Food","url":"https:\/\/nims.com.tr\/","logo":{"@type":"ImageObject","inLanguage":"en-US","@id":"https:\/\/nims.com.tr\/#\/schema\/logo\/image\/","url":"https:\/\/nims.com.tr\/wp-content\/uploads\/3-logo.svg","contentUrl":"https:\/\/nims.com.tr\/wp-content\/uploads\/3-logo.svg","width":1,"height":1,"caption":"Nims Food"},"image":{"@id":"https:\/\/nims.com.tr\/#\/schema\/logo\/image\/"}}]}},"_links":{"self":[{"href":"https:\/\/nims.com.tr\/en\/wp-json\/wp\/v2\/pages\/772","targetHints":{"allow":["GET"]}}],"collection":[{"href":"https:\/\/nims.com.tr\/en\/wp-json\/wp\/v2\/pages"}],"about":[{"href":"https:\/\/nims.com.tr\/en\/wp-json\/wp\/v2\/types\/page"}],"author":[{"embeddable":true,"href":"https:\/\/nims.com.tr\/en\/wp-json\/wp\/v2\/users\/1"}],"replies":[{"embeddable":true,"href":"https:\/\/nims.com.tr\/en\/wp-json\/wp\/v2\/comments?post=772"}],"version-history":[{"count":9,"href":"https:\/\/nims.com.tr\/en\/wp-json\/wp\/v2\/pages\/772\/revisions"}],"predecessor-version":[{"id":1334,"href":"https:\/\/nims.com.tr\/en\/wp-json\/wp\/v2\/pages\/772\/revisions\/1334"}],"wp:featuredmedia":[{"embeddable":true,"href":"https:\/\/nims.com.tr\/en\/wp-json\/wp\/v2\/media\/428"}],"wp:attachment":[{"href":"https:\/\/nims.com.tr\/en\/wp-json\/wp\/v2\/media?parent=772"}],"curies":[{"name":"wp","href":"https:\/\/api.w.org\/{rel}","templated":true}]}}